{"id":2,"date":"2022-09-28T14:44:34","date_gmt":"2022-09-28T12:44:34","guid":{"rendered":"http:\/\/webjour22-25.iutlan.univ-rennes1.fr\/obayram\/?page_id=2"},"modified":"2022-10-18T14:01:08","modified_gmt":"2022-10-18T12:01:08","slug":"page-d-exemple","status":"publish","type":"page","link":"https:\/\/webjour22-25.iutlan.univ-rennes1.fr\/obayram\/page-d-exemple\/","title":{"rendered":"\u00c0 propos"},"content":{"rendered":"\n<p><\/p>\n\n\n\n<p>Je m&rsquo;appelle Ozan Bayram, j&rsquo;ai 18 ans et je suis en \u00e9tudes de journalisme. Ici vous retrouverez des articles sur ma veille informationnelle qui traite du r\u00f4le de la Turquie dans le conflit Russo-Ukrainien. Il est \u00e9galement possible que je publie de temps en temps un article sur le sujet de mon choix si toutefois l&rsquo;envie me prend ! <\/p>\n\n\n\n<div class=\"wp-block-group\"><div class=\"wp-block-group__inner-container is-layout-flow wp-block-group-is-layout-flow\"><\/div><\/div>\n\n\n\n<p><\/p>\n","protected":false},"excerpt":{"rendered":"<p>Je m&rsquo;appelle Ozan Bayram, j&rsquo;ai 18 ans et je suis en \u00e9tudes de journalisme. Ici vous retrouverez des articles sur ma veille informationnelle qui traite du r\u00f4le de la Turquie dans le conflit Russo-Ukrainien. Il est \u00e9galement possible que je publie de temps en temps un article sur le sujet de mon choix si toutefois [&hellip;]<\/p>\n","protected":false},"author":1,"featured_media":0,"parent":0,"menu_order":0,"comment_status":"closed","ping_status":"closed","template":"","meta":{"footnotes":""},"class_list":["post-2","page","type-page","status-publish","hentry"],"_links":{"self":[{"href":"https:\/\/webjour22-25.iutlan.univ-rennes1.fr\/obayram\/wp-json\/wp\/v2\/pages\/2","targetHints":{"allow":["GET"]}}],"collection":[{"href":"https:\/\/webjour22-25.iutlan.univ-rennes1.fr\/obayram\/wp-json\/wp\/v2\/pages"}],"about":[{"href":"https:\/\/webjour22-25.iutlan.univ-rennes1.fr\/obayram\/wp-json\/wp\/v2\/types\/page"}],"author":[{"embeddable":true,"href":"https:\/\/webjour22-25.iutlan.univ-rennes1.fr\/obayram\/wp-json\/wp\/v2\/users\/1"}],"replies":[{"embeddable":true,"href":"https:\/\/webjour22-25.iutlan.univ-rennes1.fr\/obayram\/wp-json\/wp\/v2\/comments?post=2"}],"version-history":[{"count":2,"href":"https:\/\/webjour22-25.iutlan.univ-rennes1.fr\/obayram\/wp-json\/wp\/v2\/pages\/2\/revisions"}],"predecessor-version":[{"id":22,"href":"https:\/\/webjour22-25.iutlan.univ-rennes1.fr\/obayram\/wp-json\/wp\/v2\/pages\/2\/revisions\/22"}],"wp:attachment":[{"href":"https:\/\/webjour22-25.iutlan.univ-rennes1.fr\/obayram\/wp-json\/wp\/v2\/media?parent=2"}],"curies":[{"name":"wp","href":"https:\/\/api.w.org\/{rel}","templated":true}]}}