{"id":79,"date":"2022-10-18T23:43:48","date_gmt":"2022-10-18T21:43:48","guid":{"rendered":"http:\/\/webjour22-25.iutlan.univ-rennes1.fr\/gpetitmarzin\/?page_id=79"},"modified":"2022-10-18T23:43:48","modified_gmt":"2022-10-18T21:43:48","slug":"les-impacts-de-la-peche-2","status":"publish","type":"page","link":"https:\/\/webjour22-25.iutlan.univ-rennes1.fr\/gpetitmarzin\/","title":{"rendered":"Les impacts de la p\u00eache"},"content":{"rendered":"\n<figure class=\"wp-block-image size-full\"><img fetchpriority=\"high\" decoding=\"async\" width=\"1024\" height=\"576\" src=\"http:\/\/webjour22-25.iutlan.univ-rennes1.fr\/gpetitmarzin\/wp-content\/uploads\/2022\/10\/filet-de-peche-abandonne-2.webp\" alt=\"\" class=\"wp-image-80\" srcset=\"https:\/\/webjour.iutlan.univ-rennes1.fr\/gpetitmarzin\/wp-content\/uploads\/2022\/10\/filet-de-peche-abandonne-2.webp 1024w, https:\/\/webjour.iutlan.univ-rennes1.fr\/gpetitmarzin\/wp-content\/uploads\/2022\/10\/filet-de-peche-abandonne-2-300x169.webp 300w, https:\/\/webjour.iutlan.univ-rennes1.fr\/gpetitmarzin\/wp-content\/uploads\/2022\/10\/filet-de-peche-abandonne-2-768x432.webp 768w\" sizes=\"(max-width: 1024px) 100vw, 1024px\" \/><figcaption>Photo : Adobe Stock<\/figcaption><\/figure>\n\n\n\n<p>Une \u00e9tude publi\u00e9e le 12 octobre dans la revue <a rel=\"noreferrer noopener\" href=\"https:\/\/www.science.org\/doi\/10.1126\/sciadv.abq0135\" target=\"_blank\">Sciences Advances<\/a> a estim\u00e9 la quantit\u00e9 de filets de p\u00eache abandonn\u00e9s qui d\u00e9rivent dans les oc\u00e9ans. Les chercheurs ont interrog\u00e9 451 p\u00eacheurs de sept pays pour estimer le taux et les quantit\u00e9s de pertes des engins de p\u00eache. Les conclusions sont pr\u00e9occupantes. En effet, en mettant bout \u00e0 bout l\u2019ensemble des d\u00e9chets (filets maillant, sennes coulissantes, chaluts de fonds, \u2026) nous pourrions r\u00e9aliser 18 fois le tour du globe ! Ces engins sont con\u00e7us pour attraper du poissons, de facto ils continuent de blesser, de tuer des esp\u00e8ces m\u00eame abandonn\u00e9s et \u00e0 la d\u00e9rive.<\/p>\n\n\n\n<p>La p\u00eache est source de pollution et contribue au d\u00e9r\u00e8glement climatique, mais elle est aussi impact\u00e9e par ses cons\u00e9quences.<\/p>\n\n\n\n<p>Le r\u00e9chauffement de l\u2019eau dans l\u2019Atlantique ne profite pas qu\u2019aux baigneurs. Les poulpes appr\u00e9cient les eaux plus douces qui permettent une meilleure survie des juv\u00e9niles. <a rel=\"noreferrer noopener\" href=\"https:\/\/www.ouest-france.fr\/bretagne\/lorient-56100\/un-nouveau-bateau-de-peche-a-lorient-pour-pecher-le-poulpe-qui-prolifere-en-atlantique-c7ad5958-4b9e-11ed-9879-c1a2e97ee6a1\" target=\"_blank\">Nicolas Coguen<\/a>, un p\u00eacheur lorientais arme un caseyeur pour traquer le c\u00e9phalopode. Avant, je faisais du homard, du tourteau, de l\u2019araign\u00e9e, mais il n\u2019y en a quasiment plus. Les poulpes mangent tout \u00bb, explique le p\u00eacheur. Le poulpe est consid\u00e9r\u00e9 comme une mine d\u2019or, pr\u00e9sent en grande quantit\u00e9 il se vend entre 6 et 8 euros le kilogramme. Le patron esp\u00e8re en ramener une tonne \u00e0 chaque sortie !<\/p>\n\n\n\n<p>L\u2019industrie de la p\u00eache d\u00e9grade les mers et oc\u00e9ans alors qu\u2019elle est impact\u00e9 par ces d\u00e9gradations. Paradoxal.<\/p>\n\n\n\n<p>Cet article de veille a \u00e9t\u00e9 r\u00e9dig\u00e9 gr\u00e2ce \u00e0 des flux RSS sur : <\/p>\n\n\n\n<ul class=\"wp-block-list\"><li>Le Marin<\/li><li>Ouest-France<\/li><li>Le T\u00e9l\u00e9gramme<\/li><\/ul>\n","protected":false},"excerpt":{"rendered":"<p>Une \u00e9tude publi\u00e9e le 12 octobre dans la revue Sciences Advances a estim\u00e9 la quantit\u00e9 de filets de p\u00eache abandonn\u00e9s qui d\u00e9rivent dans les oc\u00e9ans. Les chercheurs ont interrog\u00e9 451 p\u00eacheurs de sept pays pour estimer le taux et les quantit\u00e9s de pertes des engins de p\u00eache. Les conclusions sont pr\u00e9occupantes. En effet, en mettant [&hellip;]<\/p>\n","protected":false},"author":1,"featured_media":0,"parent":0,"menu_order":0,"comment_status":"closed","ping_status":"closed","template":"","meta":{"footnotes":""},"class_list":["post-79","page","type-page","status-publish","hentry"],"_links":{"self":[{"href":"https:\/\/webjour22-25.iutlan.univ-rennes1.fr\/gpetitmarzin\/wp-json\/wp\/v2\/pages\/79","targetHints":{"allow":["GET"]}}],"collection":[{"href":"https:\/\/webjour22-25.iutlan.univ-rennes1.fr\/gpetitmarzin\/wp-json\/wp\/v2\/pages"}],"about":[{"href":"https:\/\/webjour22-25.iutlan.univ-rennes1.fr\/gpetitmarzin\/wp-json\/wp\/v2\/types\/page"}],"author":[{"embeddable":true,"href":"https:\/\/webjour22-25.iutlan.univ-rennes1.fr\/gpetitmarzin\/wp-json\/wp\/v2\/users\/1"}],"replies":[{"embeddable":true,"href":"https:\/\/webjour22-25.iutlan.univ-rennes1.fr\/gpetitmarzin\/wp-json\/wp\/v2\/comments?post=79"}],"version-history":[{"count":1,"href":"https:\/\/webjour22-25.iutlan.univ-rennes1.fr\/gpetitmarzin\/wp-json\/wp\/v2\/pages\/79\/revisions"}],"predecessor-version":[{"id":81,"href":"https:\/\/webjour22-25.iutlan.univ-rennes1.fr\/gpetitmarzin\/wp-json\/wp\/v2\/pages\/79\/revisions\/81"}],"wp:attachment":[{"href":"https:\/\/webjour22-25.iutlan.univ-rennes1.fr\/gpetitmarzin\/wp-json\/wp\/v2\/media?parent=79"}],"curies":[{"name":"wp","href":"https:\/\/api.w.org\/{rel}","templated":true}]}}