{"id":679,"date":"2023-04-13T00:22:43","date_gmt":"2023-04-12T22:22:43","guid":{"rendered":"https:\/\/webjour22-25.iutlan.univ-rennes1.fr\/bclaude\/?page_id=679"},"modified":"2023-04-13T00:25:33","modified_gmt":"2023-04-12T22:25:33","slug":"test","status":"publish","type":"page","link":"https:\/\/webjour22-25.iutlan.univ-rennes1.fr\/bclaude\/test\/","title":{"rendered":"Mon projet professionnel"},"content":{"rendered":"\t\t<div data-elementor-type=\"wp-page\" data-elementor-id=\"679\" class=\"elementor elementor-679\" data-elementor-settings=\"{&quot;ha_cmc_init_switcher&quot;:&quot;no&quot;}\">\n\t\t\t\t\t\t<section class=\"elementor-section elementor-top-section elementor-element elementor-element-1a285d4 elementor-section-boxed elementor-section-height-default elementor-section-height-default\" data-id=\"1a285d4\" data-element_type=\"section\" data-e-type=\"section\">\n\t\t\t\t\t\t<div class=\"elementor-container elementor-column-gap-default\">\n\t\t\t\t\t<div class=\"elementor-column elementor-col-100 elementor-top-column elementor-element elementor-element-d130c1f\" data-id=\"d130c1f\" data-element_type=\"column\" data-e-type=\"column\">\n\t\t\t<div class=\"elementor-widget-wrap elementor-element-populated\">\n\t\t\t\t\t\t<div class=\"elementor-element elementor-element-00cbb32 elementor-widget elementor-widget-text-editor\" data-id=\"00cbb32\" data-element_type=\"widget\" data-e-type=\"widget\" data-widget_type=\"text-editor.default\">\n\t\t\t\t<div class=\"elementor-widget-container\">\n\t\t\t\t\t\t\t\t\t<p>Cette premi\u00e8re ann\u00e9e pass\u00e9e au sein de l\u2019IUT m\u2019a permis de toute \u00e9vidence de m\u00fbrir mon projet professionnel et d\u2019avoir aujourd\u2019hui une id\u00e9e pr\u00e9cise sur le type de journalisme que je souhaite d\u00e9velopper et la journaliste que je souhaite devenir. A travers les cours et interventions qui m\u2019ont \u00e9t\u00e9 dispens\u00e9s, j\u2019ai pu apprendre mais aussi comparer le travail que devait produire un journaliste sur les diff\u00e9rents supports m\u00e9diatiques. Avantages pour certains, inconv\u00e9nients pour d&rsquo;autres, mon choix s&rsquo;est arr\u00eat\u00e9 sur le journalisme radio. En effet, c\u2019est sur ce support que je\u00a0 me sens le plus \u00e0 l\u2019aise pour travailler et avec lequel j\u2019ai le plus d\u2019affinit\u00e9s. Je sais que travailler pour une radio m\u2019apportera tout ce que je recherche d\u2019un point de vue professionnel mais aussi personnel. Les deux vies \u00e9tant \u00e9troitement li\u00e9es, il me semble important de bien d\u00e9finir son orientation et son projet\u00a0 professionnel pour vivre pleinement sa passion mais aussi en vivre financi\u00e8rement. Et c\u2019est la radio qui est aujourd&rsquo;hui en mesure de m\u2019apporter ce que je recherche. Couverture de l\u2019actualit\u00e9 et du terrain, travail en direct ou en diff\u00e9r\u00e9, diversit\u00e9 des reportages, r\u00e9daction de page web, podcasts, sont autant de crit\u00e8res qui me motivent \u00e0 travailler pour la radio.<\/p><p>Tout d\u2019abord, je souhaite rejoindre une antenne radio car j\u2019ai d\u00e9couvert le journalisme et plus pr\u00e9cis\u00e9ment le journalisme radio \u00e0 travers un stage que j\u2019ai\u00a0 effectu\u00e9 sur une radio locale en f\u00e9vrier 2021. Avec le recul, je pense que c\u2019est cette premi\u00e8re exp\u00e9rience qui est le facteur d\u00e9clenchant de mon envie de travailler dans ce m\u00e9dia. Et cette envie ne m\u2019a plus jamais quitt\u00e9e. Dor\u00e9navant, je mets tout en \u0153uvre pour atteindre mon but.\u00a0<\/p><p>En int\u00e9grant l\u2019IUT de Lannion, j&rsquo;acc\u00e8de \u00e0 une formation semi-professionnalisante m\u00ealant cours pratiques et th\u00e9oriques, et je sais que mon dipl\u00f4me de fin d&rsquo;\u00e9tudes sera reconnu par la profession ce qui est un plus pour\u00a0 la recherche d\u2019un emploi.\u00a0 La possibilit\u00e9 de se sp\u00e9cialiser en radio en deuxi\u00e8me ann\u00e9e d\u2019\u00e9tude m\u2019offrent un atout suppl\u00e9mentaire pour atteindre mon but. Pour prendre ma d\u00e9cision de travailler dans une radio, je me suis \u00e9galement longuement\u00a0 document\u00e9e et interrog\u00e9e pour savoir si ce m\u00e9tier \u00e9tait en ad\u00e9quation avec mes attentes : ais-je les comp\u00e9tences n\u00e9cessaires ? Suis-je pr\u00eate \u00e0 faire des sacrifices ? Comment je me vois dans mon m\u00e9tier dans 5 ou 10 ans ? Quels sont les avantages et les inconv\u00e9nients de ce m\u00e9tier ? Autant de questions qui ne m\u2019ont pas d\u00e9courag\u00e9e, mais qui ont plut\u00f4t renforc\u00e9 ma motivation pour atteindre mon objectif. Cet objectif me semble d\u2019autant plus atteignable que je pense avoir la maturit\u00e9 et les qualit\u00e9s requises pour devenir journaliste radio. En effet, au fil des ann\u00e9es, j\u2019ai su d\u00e9velopper une grande capacit\u00e9 d&rsquo;\u00e9coute, d\u2019observation et de synth\u00e8se afin de restituer un rendu conforme \u00e0 ce que j\u2019avais pu voir ou entendre. J\u2019ai su aussi am\u00e9liorer mon sens de l\u2019organisation pour \u00eatre la plus efficace possible et j\u2019ai d\u00e9velopp\u00e9 une certaine autonomie pour ne pas toujours \u00eatre d\u00e9pendante des autres. Ma capacit\u00e9 d\u2019adaptation, d&rsquo;int\u00e9gration ou de r\u00e9activit\u00e9 font partie\u00a0 de mes points forts mais je sais \u00e9galement me remettre en question, accepter les remarques et me nourrir de mes erreurs pour avancer.\u00a0<\/p><p>Pour mener \u00e0 bien mon projet professionnel, je m\u2019investis de fa\u00e7on plus personnelle et je cherche \u00e0 maximiser mes chances de r\u00e9ussite. Je suis r\u00e9guli\u00e8rement \u00e0 la recherche de stages et je multiplie les contacts pour me constituer un carnet d\u2019adresses qui me sera utile \u00e0 court et \u00e0 long termes. Ainsi je me suis rendue dans les locaux de\u00a0 RFI \u00e0 Paris pour voir de l\u2019int\u00e9rieur comment fonctionne une r\u00e9daction, comment s\u2019organise une \u00e9mission en direct et j\u2019ai pu \u00e9changer avec des journalistes et la directrice des programmes. Cette journ\u00e9e a \u00e9t\u00e9 tr\u00e8s fructueuse et a d\u00e9bouch\u00e9 sur un stage d&rsquo;une semaine. J\u2019ai \u00e9galement fait les d\u00e9marches n\u00e9cessaires pour effectuer un stage \u00e0 Radio France. Pour renforcer mon professionnalisme, je me suis \u00e9quip\u00e9e d\u2019un micro pour r\u00e9aliser des micro-trottoirs et des interviews. Je me suis par ailleurs investie dans un projet de podcast sur la ruralit\u00e9 que je souhaite diffuser.<\/p><p>A l&rsquo;issue de la troisi\u00e8me ann\u00e9e, je souhaite participer \u00e0 des bourses d&rsquo;\u00e9tudes pour int\u00e9grer une grande radio. Je pense en particulier \u00e0 la bourse Jean Baptiste Dumas propos\u00e9e par la radio RTL qui serait pour moi un objectif ultime.<\/p><p>Consciente du chemin qui me reste \u00e0 parcourir, je suis plus que jamais motiv\u00e9e et d\u00e9termin\u00e9e pour mener \u00e0 bien mon projet professionnel et faire en sorte que ma passion devienne mon m\u00e9tier.<\/p>\t\t\t\t\t\t\t\t<\/div>\n\t\t\t\t<\/div>\n\t\t\t\t\t<\/div>\n\t\t<\/div>\n\t\t\t\t\t<\/div>\n\t\t<\/section>\n\t\t\t\t<\/div>\n\t\t","protected":false},"excerpt":{"rendered":"<p>Cette premi\u00e8re ann\u00e9e pass\u00e9e au sein de l\u2019IUT m\u2019a permis de toute \u00e9vidence de m\u00fbrir mon projet professionnel et d\u2019avoir aujourd\u2019hui une id\u00e9e pr\u00e9cise sur le type de journalisme que je souhaite d\u00e9velopper et la journaliste que je souhaite devenir. A travers les cours et interventions qui m\u2019ont \u00e9t\u00e9 dispens\u00e9s, j\u2019ai pu apprendre mais aussi&hellip; <a class=\"more-link\" href=\"https:\/\/webjour22-25.iutlan.univ-rennes1.fr\/bclaude\/test\/\">Poursuivre la lecture <span class=\"screen-reader-text\">Mon projet professionnel<\/span><\/a><\/p>\n","protected":false},"author":1,"featured_media":0,"parent":0,"menu_order":0,"comment_status":"closed","ping_status":"closed","template":"elementor_theme","meta":{"footnotes":""},"class_list":["post-679","page","type-page","status-publish","hentry","entry"],"_links":{"self":[{"href":"https:\/\/webjour22-25.iutlan.univ-rennes1.fr\/bclaude\/wp-json\/wp\/v2\/pages\/679","targetHints":{"allow":["GET"]}}],"collection":[{"href":"https:\/\/webjour22-25.iutlan.univ-rennes1.fr\/bclaude\/wp-json\/wp\/v2\/pages"}],"about":[{"href":"https:\/\/webjour22-25.iutlan.univ-rennes1.fr\/bclaude\/wp-json\/wp\/v2\/types\/page"}],"author":[{"embeddable":true,"href":"https:\/\/webjour22-25.iutlan.univ-rennes1.fr\/bclaude\/wp-json\/wp\/v2\/users\/1"}],"replies":[{"embeddable":true,"href":"https:\/\/webjour22-25.iutlan.univ-rennes1.fr\/bclaude\/wp-json\/wp\/v2\/comments?post=679"}],"version-history":[{"count":8,"href":"https:\/\/webjour22-25.iutlan.univ-rennes1.fr\/bclaude\/wp-json\/wp\/v2\/pages\/679\/revisions"}],"predecessor-version":[{"id":687,"href":"https:\/\/webjour22-25.iutlan.univ-rennes1.fr\/bclaude\/wp-json\/wp\/v2\/pages\/679\/revisions\/687"}],"wp:attachment":[{"href":"https:\/\/webjour22-25.iutlan.univ-rennes1.fr\/bclaude\/wp-json\/wp\/v2\/media?parent=679"}],"curies":[{"name":"wp","href":"https:\/\/api.w.org\/{rel}","templated":true}]}}